{"id":68,"date":"2020-01-17T19:28:00","date_gmt":"2020-01-17T19:28:00","guid":{"rendered":"http:\/\/thenetworkingclub.ca\/?page_id=68"},"modified":"2023-11-08T21:10:33","modified_gmt":"2023-11-08T21:10:33","slug":"accueil","status":"publish","type":"page","link":"https:\/\/thenetworkingclub.ca\/fr\/","title":{"rendered":"Accueil"},"content":{"rendered":"\n<h1><strong>THE NETWORKING CLUB<\/strong><\/h1>\n\t<h2><strong>Bienvenue<\/strong><\/h2>\n<h3>Le Networking Club est un groupe de divers entrepreneurs professionnels qui se r\u00e9unissent toutes les 2 semaines pour un d\u00e9jeuner d&rsquo;affaires. Le principal objectif du groupe est de r\u00e9seauter et de se r\u00e9f\u00e9rer mutuellement \u00e0 travers nos r\u00e9seaux personnels et professionnels, ce qui contribue en retour \u00e0 la croissance de chacune de nos entreprises.<\/h3>\n<h3>Les discussions de groupe autour du \u00ab Sujet de la semaine \u00bb permettent aux membres d&rsquo;\u00e9changer leurs id\u00e9es et de parler de leurs enjeux, ce qui nous permet de devenir de meilleurs professionnels en affaires.<\/h3>\n","protected":false},"excerpt":{"rendered":"<p>THE NETWORKING CLUB Bienvenue Le Networking Club est un groupe de divers entrepreneurs professionnels qui se r\u00e9unissent toutes les 2 semaines pour un d\u00e9jeuner d&rsquo;affaires. Le principal objectif du groupe est de r\u00e9seauter et de se r\u00e9f\u00e9rer mutuellement \u00e0 travers nos r\u00e9seaux personnels et professionnels, ce qui contribue en retour \u00e0 la croissance de chacune &#8230; <a title=\"Accueil\" class=\"read-more\" href=\"https:\/\/thenetworkingclub.ca\/fr\/\" aria-label=\"En savoir plus sur Accueil\">Lire la suite<\/a><\/p>\n","protected":false},"author":2,"featured_media":0,"parent":0,"menu_order":0,"comment_status":"closed","ping_status":"closed","template":"","meta":{"_acf_changed":false,"footnotes":""},"class_list":["post-68","page","type-page","status-publish"],"acf":[],"_links":{"self":[{"href":"https:\/\/thenetworkingclub.ca\/fr\/wp-json\/wp\/v2\/pages\/68","targetHints":{"allow":["GET"]}}],"collection":[{"href":"https:\/\/thenetworkingclub.ca\/fr\/wp-json\/wp\/v2\/pages"}],"about":[{"href":"https:\/\/thenetworkingclub.ca\/fr\/wp-json\/wp\/v2\/types\/page"}],"author":[{"embeddable":true,"href":"https:\/\/thenetworkingclub.ca\/fr\/wp-json\/wp\/v2\/users\/2"}],"replies":[{"embeddable":true,"href":"https:\/\/thenetworkingclub.ca\/fr\/wp-json\/wp\/v2\/comments?post=68"}],"version-history":[{"count":8,"href":"https:\/\/thenetworkingclub.ca\/fr\/wp-json\/wp\/v2\/pages\/68\/revisions"}],"predecessor-version":[{"id":2292,"href":"https:\/\/thenetworkingclub.ca\/fr\/wp-json\/wp\/v2\/pages\/68\/revisions\/2292"}],"wp:attachment":[{"href":"https:\/\/thenetworkingclub.ca\/fr\/wp-json\/wp\/v2\/media?parent=68"}],"curies":[{"name":"wp","href":"https:\/\/api.w.org\/{rel}","templated":true}]}}