{"id":70,"date":"2020-01-17T19:57:02","date_gmt":"2020-01-17T19:57:02","guid":{"rendered":"http:\/\/thenetworkingclub.ca\/?page_id=70"},"modified":"2026-04-07T20:53:00","modified_gmt":"2026-04-07T20:53:00","slug":"evenements","status":"publish","type":"page","link":"https:\/\/thenetworkingclub.ca\/fr\/evenements\/","title":{"rendered":"\u00c9v\u00e9nements"},"content":{"rendered":"\n\n\t<h1><strong>THE NETWORKING CLUB<\/strong><\/h1>\n\t<h2><strong>\u00c9V\u00c8NEMENTS<\/strong><\/h2>\n\t<h2><strong>septembre<br \/>\n<\/strong><\/h2>\n\t<p>16 septembre\u00a0: R\u00e9union bimensuelle &#8211; Zoom<\/p>\n<p>30 septembre : R\u00e9union bimensuelle &#8211; Zoom<\/p>\n\t<h2><strong>octobre<br \/>\n<\/strong><\/h2>\n\t<p>14 octobre: R\u00e9union bimensuelle &#8211; Zoom<\/p>\n<p>28 octobre: R\u00e9union bimensuelle &#8211; Zoom<\/p>\n\t<h2><strong>novembre<\/strong><\/h2>\n\t<p>11 novembre: D\u00eener-rencontre en personne \u00e0 midi.<\/p>\n<p>Lieu : Assante, 2020 Trans-Canada Dorval, Qu\u00e9bec H9P 2N4, salle de conf\u00e9rence Assante, 2e \u00e9tage.<\/p>\n<p>25 novembre: R\u00e9union bimensuelle &#8211; Zoom<\/p>\n\t<h2><strong>d\u00e9cembre<br \/>\n<\/strong><\/h2>\n\t<p>9 d\u00e9cembre: R\u00e9union bimensuelle &#8211; Zoom<\/p>\n\t<h2><strong>janvier 2026<\/strong><\/h2>\n\t<p>20 janvier: R\u00e9union bimensuelle &#8211; Zoom<\/p>\n\t<h2><strong>f\u00e9vrier<br \/>\n<\/strong><\/h2>\n\t<p>3 f\u00e9vrier: R\u00e9union bimensuelle &#8211; Zoom<\/p>\n<p>17 f\u00e9vrier: R\u00e9union bimensuelle &#8211; Zoom<\/p>\n\t<h2><strong>mars<br \/>\n<\/strong><\/h2>\n\t<p>18 mars: D\u00eener-rencontre en personne \u00e0 midi.<\/p>\n<p>Lieu : Assante, 2020 Trans-Canada Dorval, Qu\u00e9bec H9P 2N4, salle de conf\u00e9rence Assante, 2e \u00e9tage.<\/p>\n<p>31 mars: R\u00e9union bimensuelle &#8211; Zoom<\/p>\n\t<h2><strong>avril<br \/>\n<\/strong><\/h2>\n\t<p>14 avril: R\u00e9union bimensuelle &#8211; Zoom<\/p>\n\t<h2><strong>mai<br \/>\n<\/strong><\/h2>\n\t<h2><strong>juin<br \/>\n<\/strong><\/h2>\n\t<p>9 juin: D\u00eener-rencontre en personne \u00e0 midi.<\/p>\n<p>Lieu : Assante, 2020 Trans-Canada Dorval, Qu\u00e9bec H9P 2N4, salle de conf\u00e9rence Assante, 2e \u00e9tage.<\/p>\n\t<h2><strong>juillet<br \/>\n<\/strong><\/h2>\n\t<h2><strong>ao\u00fbt<br \/>\n<\/strong><\/h2>\n\t<h2><strong><br \/>\n<\/strong><\/h2>\n\n","protected":false},"excerpt":{"rendered":"<p>THE NETWORKING CLUB \u00c9V\u00c8NEMENTS septembre 16 septembre\u00a0: R\u00e9union bimensuelle &#8211; Zoom 30 septembre : R\u00e9union bimensuelle &#8211; Zoom octobre 14 octobre: R\u00e9union bimensuelle &#8211; Zoom 28 octobre: R\u00e9union bimensuelle &#8211; Zoom novembre 11 novembre: D\u00eener-rencontre en personne \u00e0 midi. Lieu : Assante, 2020 Trans-Canada Dorval, Qu\u00e9bec H9P 2N4, salle de conf\u00e9rence Assante, 2e \u00e9tage. 25 &#8230; <a title=\"\u00c9v\u00e9nements\" class=\"read-more\" href=\"https:\/\/thenetworkingclub.ca\/fr\/evenements\/\" aria-label=\"En savoir plus sur \u00c9v\u00e9nements\">Lire la suite<\/a><\/p>\n","protected":false},"author":2,"featured_media":0,"parent":0,"menu_order":0,"comment_status":"closed","ping_status":"closed","template":"","meta":{"_acf_changed":false,"footnotes":""},"class_list":["post-70","page","type-page","status-publish"],"acf":[],"_links":{"self":[{"href":"https:\/\/thenetworkingclub.ca\/fr\/wp-json\/wp\/v2\/pages\/70","targetHints":{"allow":["GET"]}}],"collection":[{"href":"https:\/\/thenetworkingclub.ca\/fr\/wp-json\/wp\/v2\/pages"}],"about":[{"href":"https:\/\/thenetworkingclub.ca\/fr\/wp-json\/wp\/v2\/types\/page"}],"author":[{"embeddable":true,"href":"https:\/\/thenetworkingclub.ca\/fr\/wp-json\/wp\/v2\/users\/2"}],"replies":[{"embeddable":true,"href":"https:\/\/thenetworkingclub.ca\/fr\/wp-json\/wp\/v2\/comments?post=70"}],"version-history":[{"count":33,"href":"https:\/\/thenetworkingclub.ca\/fr\/wp-json\/wp\/v2\/pages\/70\/revisions"}],"predecessor-version":[{"id":2871,"href":"https:\/\/thenetworkingclub.ca\/fr\/wp-json\/wp\/v2\/pages\/70\/revisions\/2871"}],"wp:attachment":[{"href":"https:\/\/thenetworkingclub.ca\/fr\/wp-json\/wp\/v2\/media?parent=70"}],"curies":[{"name":"wp","href":"https:\/\/api.w.org\/{rel}","templated":true}]}}